{"id":53,"date":"2017-09-18T10:48:24","date_gmt":"2017-09-18T08:48:24","guid":{"rendered":"http:\/\/testowa.dfirma.pl\/?page_id=53"},"modified":"2017-09-18T10:50:05","modified_gmt":"2017-09-18T08:50:05","slug":"linki","status":"publish","type":"page","link":"https:\/\/testowa.dfirma.pl\/index.php\/linki\/","title":{"rendered":"LINKI"},"content":{"rendered":"<h1>Portale i serwisy prawnicze:<\/h1>\n<dl>\n<dt><a href=\"http:\/\/www.sejm.gov.pl\">www.sejm.gov.pl<\/a><\/dt>\n<dd>Serwis Sejmu Rzeczypospolitej Polskiej zawieraj\u0105cy informacje o pracy i organizacji Sejmu, w tym o dzia\u0142aj\u0105cych w jego ramach organach. Strona zawiera podzia\u0142 na kluby poselskie, z wyszczeg\u00f3lnieniem wszystkich parlamentarzyst\u00f3w. Du\u017ce praktyczne zastosowanie ma funkcjonuj\u0105cy na stronie Internetowy System Informacji Prawnej, zawieraj\u0105cy opisy akt\u00f3w prawnych opublikowanych w Dzienniku Ustaw i Monitorze Polskim od roku 1918, a tak\u017ce ujednolicone teksty ustaw.<\/dd>\n<dd><\/dd>\n<dt><a href=\"http:\/\/www.gorzow-wlkp.sr.gov.pl\/\">http:\/\/www.gorzow-wlkp.sr.gov.pl\/<\/a><\/dt>\n<dd>Strona S\u0105du Rejonowego w Gorzowie Wielkopolskim.<\/dd>\n<dd><\/dd>\n<dt><a href=\"http:\/\/www.gorzow-wlkp.so.gov.pl\">www.gorzow-wlkp.so.gov.pl<\/a><\/dt>\n<dd>Strona S\u0105du Okr\u0119gowego w Gorzowie Wielkopolskim<\/dd>\n<dd><\/dd>\n<dt><a href=\"http:\/\/www.prokuratura-gorzow.pl\">www.prokuratura-gorzow.pl<\/a><\/dt>\n<dd>Strona Prokuratury Okr\u0119gowej w Gorzowie Wielkopolskim.<\/dd>\n<dd><\/dd>\n<dt><a href=\"http:\/\/www.gorzow.wsa.gov.pl\">www.gorzow.wsa.gov.pl<\/a><\/dt>\n<dd>Strona Wojew\u00f3dzkiego S\u0105du Administracyjnego w Gorzowie Wielkopolskim.<\/dd>\n<dd><\/dd>\n<dt><a href=\"http:\/\/www.wskazniki.pl\">www.wskazniki.pl<\/a><\/dt>\n<dd>Strona zawieraj\u0105ca aktualne wska\u017aniki i stawki niezb\u0119dne do prowadzenia dzia\u0142alno\u015bci gospodarczej.<\/dd>\n<dd><\/dd>\n<dt><a href=\"http:\/\/www.infor.pl\">www.infor.pl<\/a><\/dt>\n<dd>Kalkulator wyliczaj\u0105cy odsetki ustawowe.<\/dd>\n<\/dl>\n","protected":false},"excerpt":{"rendered":"<p>Portale i serwisy prawnicze: www.sejm.gov.pl Serwis Sejmu Rzeczypospolitej Polskiej zawieraj\u0105cy informacje o pracy i organizacji Sejmu, w tym o dzia\u0142aj\u0105cych w jego ramach organach. Strona zawiera podzia\u0142 na kluby poselskie, z wyszczeg\u00f3lnieniem wszystkich parlamentarzyst\u00f3w. Du\u017ce praktyczne zastosowanie ma funkcjonuj\u0105cy na stronie Internetowy System Informacji Prawnej, zawieraj\u0105cy opisy akt\u00f3w prawnych opublikowanych w Dzienniku Ustaw i Monitorze [&hellip;]<\/p>\n","protected":false},"author":1,"featured_media":0,"parent":0,"menu_order":0,"comment_status":"closed","ping_status":"closed","template":"","meta":[],"_links":{"self":[{"href":"https:\/\/testowa.dfirma.pl\/index.php\/wp-json\/wp\/v2\/pages\/53"}],"collection":[{"href":"https:\/\/testowa.dfirma.pl\/index.php\/wp-json\/wp\/v2\/pages"}],"about":[{"href":"https:\/\/testowa.dfirma.pl\/index.php\/wp-json\/wp\/v2\/types\/page"}],"author":[{"embeddable":true,"href":"https:\/\/testowa.dfirma.pl\/index.php\/wp-json\/wp\/v2\/users\/1"}],"replies":[{"embeddable":true,"href":"https:\/\/testowa.dfirma.pl\/index.php\/wp-json\/wp\/v2\/comments?post=53"}],"version-history":[{"count":2,"href":"https:\/\/testowa.dfirma.pl\/index.php\/wp-json\/wp\/v2\/pages\/53\/revisions"}],"predecessor-version":[{"id":57,"href":"https:\/\/testowa.dfirma.pl\/index.php\/wp-json\/wp\/v2\/pages\/53\/revisions\/57"}],"wp:attachment":[{"href":"https:\/\/testowa.dfirma.pl\/index.php\/wp-json\/wp\/v2\/media?parent=53"}],"curies":[{"name":"wp","href":"https:\/\/api.w.org\/{rel}","templated":true}]}}