{"id":26,"date":"2017-09-18T09:38:10","date_gmt":"2017-09-18T07:38:10","guid":{"rendered":"http:\/\/testowa.dfirma.pl\/?page_id=26"},"modified":"2017-09-18T13:30:38","modified_gmt":"2017-09-18T11:30:38","slug":"o-nas","status":"publish","type":"page","link":"https:\/\/testowa.dfirma.pl\/index.php\/o-nas\/","title":{"rendered":"O FIRMIE"},"content":{"rendered":"<div id=\"page-zones__main-widgets__content\" class=\"widget content\" data-uniqueid=\"ObrSLm8Ss5EBH4r\" data-parentuniqueid=\"YVXUo4lfoH8xOek\">\n<div class=\"bk-content-text js-text-content wysihtml-editor-content\">\n<table class=\"contentpaneopen\">\n<tbody>\n<tr>\n<td>Udzielamy pomocy prawnej w szerokim zakresie, st\u0105d porady udzielane przez adwokat\u00f3w i radc\u0119 prawnego koresponduj\u0105 z oczekiwaniami i potrzebami zar\u00f3wno os\u00f3b fizycznych, przedsi\u0119biorc\u00f3w, fundacji, stowarzysze\u0144, jak i podmiot\u00f3w z zakresu administracji publicznej.<\/p>\n<p>Wsp\u00f3\u0142praca z adwokatami lub radc\u0105 prawnym mo\u017ce przybra\u0107 form\u0119 jednorazowej porady prawnej, sta\u0142ej wsp\u00f3\u0142pracy w ramach kt\u00f3rej adwokaci lub radca prawny \u015bwiadczy\u0107 b\u0119dzie bie\u017c\u0105c\u0105 obs\u0142ug\u0119 przedsi\u0119biorcy, fundacji, stowarzyszenia, podmiotu z zakresu administracji publicznej lub prowadzenia konkretnej sprawy przed s\u0105dami powszechnymi, administracyjnymi lub komornikiem.<\/p>\n<p>W celu zapewnienia kompletnej obs\u0142ugi Kancelaria Adwokacka Czes\u0142awa Gudzowskiego, Radc\u00f3w Prawnych Magdaleny Gudzowskiej \u2013 Kolczy\u0144skiej i Stefanii Gudzowskiej wsp\u00f3\u0142pracuj\u0105 z innymi kancelariami adwokackimi i radc\u00f3w prawnych na terenie kraju, skutecznymi kancelariami komorniczymi i renomowanymi kancelariami notarialnymi.<\/p>\n<p>Zapraszamy do kontaktu z naszymi\u00a0<a href=\"http:\/\/gudzowscy.pl\/prawnicy\" target=\"_self\">prawnikami<\/a>\u00a0i zapoznaniu si\u0119 z\u00a0<a href=\"http:\/\/gudzowscy.pl\/oferta\" target=\"_self\">ofert\u0105<\/a>.<\/td>\n<\/tr>\n<\/tbody>\n<\/table>\n<\/div>\n<\/div>\n<div id=\"page-zones__main-widgets__image\" class=\"widget image\" data-uniqueid=\"3rLxz3RfglWsoN9\" data-parentuniqueid=\"YVXUo4lfoH8xOek\"><a class=\"widget-align-center js-pswp-image-trigger\" title=\"\" href=\"http:\/\/gudzowscy.pl\/none\" target=\"none\"> <span class=\"image-img\"> <img class=\"image js-pswp-image\" title=\"\" src=\"http:\/\/files.clickweb.home.pl\/homepl34296\/image\/m1_2.jpg\" alt=\"\" width=\"590\" data-filename=\"m1_2.jpg\" data-filesize=\"42620\" data-path=\"\/\/files.clickweb.home.pl\/homepl34296\/image\/m1_2.jpg\" data-imagesize=\"590 x 205\" \/> <\/span> <\/a><\/div>\n","protected":false},"excerpt":{"rendered":"<p>Udzielamy pomocy prawnej w szerokim zakresie, st\u0105d porady udzielane przez adwokat\u00f3w i radc\u0119 prawnego koresponduj\u0105 z oczekiwaniami i potrzebami zar\u00f3wno os\u00f3b fizycznych, przedsi\u0119biorc\u00f3w, fundacji, stowarzysze\u0144, jak i podmiot\u00f3w z zakresu administracji publicznej. Wsp\u00f3\u0142praca z adwokatami lub radc\u0105 prawnym mo\u017ce przybra\u0107 form\u0119 jednorazowej porady prawnej, sta\u0142ej wsp\u00f3\u0142pracy w ramach kt\u00f3rej adwokaci lub radca prawny \u015bwiadczy\u0107 b\u0119dzie [&hellip;]<\/p>\n","protected":false},"author":1,"featured_media":0,"parent":0,"menu_order":0,"comment_status":"closed","ping_status":"closed","template":"","meta":[],"_links":{"self":[{"href":"https:\/\/testowa.dfirma.pl\/index.php\/wp-json\/wp\/v2\/pages\/26"}],"collection":[{"href":"https:\/\/testowa.dfirma.pl\/index.php\/wp-json\/wp\/v2\/pages"}],"about":[{"href":"https:\/\/testowa.dfirma.pl\/index.php\/wp-json\/wp\/v2\/types\/page"}],"author":[{"embeddable":true,"href":"https:\/\/testowa.dfirma.pl\/index.php\/wp-json\/wp\/v2\/users\/1"}],"replies":[{"embeddable":true,"href":"https:\/\/testowa.dfirma.pl\/index.php\/wp-json\/wp\/v2\/comments?post=26"}],"version-history":[{"count":3,"href":"https:\/\/testowa.dfirma.pl\/index.php\/wp-json\/wp\/v2\/pages\/26\/revisions"}],"predecessor-version":[{"id":74,"href":"https:\/\/testowa.dfirma.pl\/index.php\/wp-json\/wp\/v2\/pages\/26\/revisions\/74"}],"wp:attachment":[{"href":"https:\/\/testowa.dfirma.pl\/index.php\/wp-json\/wp\/v2\/media?parent=26"}],"curies":[{"name":"wp","href":"https:\/\/api.w.org\/{rel}","templated":true}]}}