{"id":25,"date":"2017-09-18T09:38:10","date_gmt":"2017-09-18T07:38:10","guid":{"rendered":"http:\/\/testowa.dfirma.pl\/?page_id=25"},"modified":"2017-09-18T13:31:18","modified_gmt":"2017-09-18T11:31:18","slug":"strona-glowna","status":"publish","type":"page","link":"https:\/\/testowa.dfirma.pl\/","title":{"rendered":"STRONA G\u0141\u00d3WNA"},"content":{"rendered":"<div id=\"page-zones__main-widgets__responsivecolumns\" class=\"widget responsivecolumns\" data-uniqueid=\"COzpDfe55P0RuXX\" data-parentuniqueid=\"v8hQCAjU6SrOyCn\">\n<section id=\"page-zones__main-widgets__responsivecolumns-zones__column\" class=\"bk-zone column columns-three-left\" data-uniqueid=\"1Oxh1bw2mBXva9g\" data-parentuniqueid=\"COzpDfe55P0RuXX\">\n<div id=\"page-zones__main-widgets__responsivecolumns-zones__column-widgets__content\" class=\"widget content\" data-uniqueid=\"EU32mAWCscCIdtW\" data-parentuniqueid=\"1Oxh1bw2mBXva9g\">\n<div class=\"bk-content-text js-text-content wysihtml-editor-content\">\n<h1>Profil dzia\u0142alno\u015bci<\/h1>\n<\/div>\n<\/div>\n<\/section>\n<section id=\"page-zones__main-widgets__responsivecolumns-zones__column1\" class=\"bk-zone column columns-three-middle\" data-uniqueid=\"QSvZhy4SVEaxYV5\" data-parentuniqueid=\"COzpDfe55P0RuXX\">\n<div id=\"page-zones__main-widgets__responsivecolumns-zones__column1-widgets__content\" class=\"widget content\" data-uniqueid=\"gtgNRPsR2bke75x\" data-parentuniqueid=\"QSvZhy4SVEaxYV5\">\n<div class=\"bk-content-text js-text-content wysihtml-editor-content\">\n<h1>Witamy<\/h1>\n<\/div>\n<\/div>\n<\/section>\n<section id=\"page-zones__main-widgets__responsivecolumns-zones__column2\" class=\"bk-zone column columns-three-right\" data-uniqueid=\"RDAQzmNwzSs6i1g\" data-parentuniqueid=\"COzpDfe55P0RuXX\">\n<div id=\"page-zones__main-widgets__responsivecolumns-zones__column2-widgets__content\" class=\"widget content\" data-uniqueid=\"W0vvKJYoLuE1Mkj\" data-parentuniqueid=\"RDAQzmNwzSs6i1g\">\n<div class=\"bk-content-text js-text-content wysihtml-editor-content\">\n<h1>Nowo\u015bci<\/h1>\n<\/div>\n<\/div>\n<\/section>\n<\/div>\n<div id=\"page-zones__main-widgets__responsivecolumns1\" class=\"widget responsivecolumns\" data-uniqueid=\"cXsxdwyXVFYLF4h\" data-parentuniqueid=\"v8hQCAjU6SrOyCn\">\n<section id=\"page-zones__main-widgets__responsivecolumns1-zones__column\" class=\"bk-zone column columns-three-left\" data-uniqueid=\"tSnCBkNVLnhGGRd\" data-parentuniqueid=\"cXsxdwyXVFYLF4h\">\n<div id=\"page-zones__main-widgets__responsivecolumns1-zones__column-widgets__content\" class=\"widget content\" data-uniqueid=\"ZN4vktbyDAlHgqr\" data-parentuniqueid=\"tSnCBkNVLnhGGRd\">\n<div class=\"bk-content-text js-text-content wysihtml-editor-content\">\n<p>1. Prawo Karne<\/p>\n<p>2. Prawo Cywilne<\/p>\n<p>3. Prawo Rodzinne<\/p>\n<p>4. Prawo Administracyjne<\/p>\n<p>5. Prawo Pracy<\/p>\n<\/div>\n<\/div>\n<\/section>\n<section id=\"page-zones__main-widgets__responsivecolumns1-zones__column1\" class=\"bk-zone column columns-three-middle\" data-uniqueid=\"9jiU4kLocTmZvQ9\" data-parentuniqueid=\"cXsxdwyXVFYLF4h\">\n<div id=\"page-zones__main-widgets__responsivecolumns1-zones__column1-widgets__image\" class=\"widget image\" data-uniqueid=\"9cOqfA0DgrCbGbF\" data-parentuniqueid=\"9jiU4kLocTmZvQ9\"><a class=\" js-pswp-image-trigger\" title=\"\" href=\"http:\/\/gudzowscy.pl\/none\" target=\"none\"> <span class=\"image-img\"> <img loading=\"lazy\" class=\"image js-pswp-image\" title=\"\" src=\"http:\/\/files.clickweb.home.pl\/homepl34296\/image\/law.jpg\" alt=\"\" width=\"319\" height=\"242\" data-filename=\"law.jpg\" data-filesize=\"13646\" data-path=\"\/\/files.clickweb.home.pl\/homepl34296\/image\/law.jpg\" data-imagesize=\"528 x 400\" \/> <\/span> <\/a><\/div>\n<div id=\"page-zones__main-widgets__responsivecolumns1-zones__column1-widgets__content\" class=\"widget content\" data-uniqueid=\"KPOgDaeM4oBCQ7D\" data-parentuniqueid=\"9jiU4kLocTmZvQ9\">\n<div class=\"bk-content-text js-text-content wysihtml-editor-content\">\n<p><strong>Chcieliby\u015bmy serdecznie Pa\u0144stwa powita\u0107 na naszej stronie internetowej.<\/strong><\/p>\n<p>Na pierwszym miejscu zawsze stawiamy zapewnienie naszym klientom najwy\u017cszej jako\u015bci \u015bwiadczonych przez nas porad prawnych. Gwarantuje to do\u015bwiadczony i zgrany zesp\u00f3\u0142 prawnik\u00f3w tworz\u0105cych kancelari\u0119.<\/p>\n<p>Zapraszamy do szczeg\u00f3\u0142owego zapoznania si\u0119 z nasz\u0105 stron\u0105 internetow\u0105. Pomo\u017ce to Pa\u0144stwu pozna\u0107 nasze kancelarie, jej ofert\u0119, prawnik\u00f3w, oraz podstawowe dane kontaktowe.<\/p>\n<\/div>\n<\/div>\n<\/section>\n<section id=\"page-zones__main-widgets__responsivecolumns1-zones__column2\" class=\"bk-zone column columns-three-right\" data-uniqueid=\"PGMypIhxt9qhGWA\" data-parentuniqueid=\"cXsxdwyXVFYLF4h\">\n<div id=\"page-zones__main-widgets__responsivecolumns1-zones__column2-widgets__content\" class=\"widget content\" data-uniqueid=\"o0L3oztSOGC1Ues\" data-parentuniqueid=\"PGMypIhxt9qhGWA\">\n<div class=\"bk-content-text js-text-content wysihtml-editor-content\">Obs\u0142uga prawna podmiot\u00f3w<br \/>\nNasza kancelaria prowadzi kompleksow\u0105 obs\u0142ug\u0119 os\u00f3b fizycznych prowadz\u0105cych dzia\u0142alno\u015b\u0107 gospodarcz\u0105, obs\u0142ug\u0119 sp\u00f3\u0142ek osobowych a tak\u017ce podmiot\u00f3w takich jak stowarzyszenia , fundacje, zwi\u0105zki zawodowe, sp\u00f3\u0142dzielnie, wsp\u00f3lnoty mieszkaniowe, a w szczeg\u00f3lno\u015bci jednostki samorz\u0105du terytorialnego.Projekty Unijne<br \/>\n\u015awiadczymy us\u0142ugi w zakresie doradztwa prawnego przy realizacji projekt\u00f3w finansowanych ze \u015brodk\u00f3w unii europejskiej.<\/p>\n<p>Godziny pracy<br \/>\nInformujemy, \u017ce Kancelaria przy ul. Mieszka I dzia\u0142a w godzinach 8:00 &#8211; 16:00 od poniedzia\u0142ku do pi\u0105tku.<\/p>\n<\/div>\n<\/div>\n<\/section>\n<\/div>\n","protected":false},"excerpt":{"rendered":"<p>Profil dzia\u0142alno\u015bci Witamy Nowo\u015bci 1. Prawo Karne 2. Prawo Cywilne 3. Prawo Rodzinne 4. Prawo Administracyjne 5. Prawo Pracy Chcieliby\u015bmy serdecznie Pa\u0144stwa powita\u0107 na naszej stronie internetowej. Na pierwszym miejscu zawsze stawiamy zapewnienie naszym klientom najwy\u017cszej jako\u015bci \u015bwiadczonych przez nas porad prawnych. Gwarantuje to do\u015bwiadczony i zgrany zesp\u00f3\u0142 prawnik\u00f3w tworz\u0105cych kancelari\u0119. Zapraszamy do szczeg\u00f3\u0142owego zapoznania [&hellip;]<\/p>\n","protected":false},"author":1,"featured_media":0,"parent":0,"menu_order":0,"comment_status":"closed","ping_status":"closed","template":"","meta":[],"_links":{"self":[{"href":"https:\/\/testowa.dfirma.pl\/index.php\/wp-json\/wp\/v2\/pages\/25"}],"collection":[{"href":"https:\/\/testowa.dfirma.pl\/index.php\/wp-json\/wp\/v2\/pages"}],"about":[{"href":"https:\/\/testowa.dfirma.pl\/index.php\/wp-json\/wp\/v2\/types\/page"}],"author":[{"embeddable":true,"href":"https:\/\/testowa.dfirma.pl\/index.php\/wp-json\/wp\/v2\/users\/1"}],"replies":[{"embeddable":true,"href":"https:\/\/testowa.dfirma.pl\/index.php\/wp-json\/wp\/v2\/comments?post=25"}],"version-history":[{"count":5,"href":"https:\/\/testowa.dfirma.pl\/index.php\/wp-json\/wp\/v2\/pages\/25\/revisions"}],"predecessor-version":[{"id":92,"href":"https:\/\/testowa.dfirma.pl\/index.php\/wp-json\/wp\/v2\/pages\/25\/revisions\/92"}],"wp:attachment":[{"href":"https:\/\/testowa.dfirma.pl\/index.php\/wp-json\/wp\/v2\/media?parent=25"}],"curies":[{"name":"wp","href":"https:\/\/api.w.org\/{rel}","templated":true}]}}