{"id":2,"date":"2017-09-18T09:12:02","date_gmt":"2017-09-18T07:12:02","guid":{"rendered":"http:\/\/testowa.dfirma.pl\/?page_id=2"},"modified":"2017-09-18T10:58:56","modified_gmt":"2017-09-18T08:58:56","slug":"przykladowa-strona","status":"publish","type":"page","link":"https:\/\/testowa.dfirma.pl\/index.php\/przykladowa-strona\/","title":{"rendered":"OFERTA"},"content":{"rendered":"<div id=\"page-zones__main-widgets__content\" class=\"widget content\" data-uniqueid=\"0lTZB0coUQqzMok\" data-parentuniqueid=\"OdMmiodz05w6ZjT\">\n<div class=\"bk-content-text js-text-content wysihtml-editor-content\">\n<p><strong>Oferty indywidualnych kancelarii adwokat\u00f3w i radcy prawnego dostosowane s\u0105 do potrzeb klient\u00f3w indywidualnych, przedsi\u0119biorc\u00f3w, sp\u00f3\u0142ek handlowych, fundacji, stowarzysze\u0144, jednostek bud\u017cetowych oraz podmiot\u00f3w z zakresu administracji publicznej. <\/strong><\/p>\n<\/div>\n<\/div>\n<div id=\"page-zones__main-widgets__responsivecolumns\" class=\"widget responsivecolumns columns-two-25-75\" data-uniqueid=\"T36txd0YEvCXoKJ\" data-parentuniqueid=\"OdMmiodz05w6ZjT\">\n<section id=\"page-zones__main-widgets__responsivecolumns-zones__column\" class=\"bk-zone column columns-two-left\" data-uniqueid=\"dFdprcLA61crgut\" data-parentuniqueid=\"T36txd0YEvCXoKJ\">\n<div id=\"page-zones__main-widgets__responsivecolumns-zones__column-widgets__image\" class=\"widget image\" data-uniqueid=\"26dXhTl25Dn9mQZ\" data-parentuniqueid=\"dFdprcLA61crgut\"><a class=\" js-pswp-image-trigger\" title=\"\" href=\"http:\/\/gudzowscy.pl\/none\" target=\"none\"> <span class=\"image-img\"> <img class=\"image js-pswp-image\" title=\"\" src=\"http:\/\/resizer.clickweb.home.pl\/homepl34296\/image\/160_f_49843908_xvobpwzigdjndrazcuri7bc66dc6dsu1.jpg?w=100\" alt=\"\" width=\"100px\" data-filename=\"160_f_49843908_xvobpwzigdjndrazcuri7bc66dc6dsu1.jpg\" data-filesize=\"10545\" data-path=\"\/\/files.clickweb.home.pl\/homepl34296\/image\/160_f_49843908_xvobpwzigdjndrazcuri7bc66dc6dsu1.jpg\" data-imagesize=\"160 x 160\" \/> <\/span> <\/a><\/div>\n<\/section>\n<section id=\"page-zones__main-widgets__responsivecolumns-zones__column1\" class=\"bk-zone column columns-two-right\" data-uniqueid=\"2Frcedr7AeK8SCt\" data-parentuniqueid=\"T36txd0YEvCXoKJ\">\n<div id=\"page-zones__main-widgets__responsivecolumns-zones__column1-widgets__content\" class=\"widget content\" data-uniqueid=\"J8mDVbIni4zjIUp\" data-parentuniqueid=\"2Frcedr7AeK8SCt\">\n<div class=\"bk-content-text js-text-content wysihtml-editor-content\">\n<h1>Adwokat Czes\u0142aw Gudzowski<\/h1>\n<\/div>\n<\/div>\n<\/section>\n<\/div>\n<div id=\"page-zones__main-widgets__responsivecolumns1\" class=\"widget responsivecolumns columns-two-34-66\" data-uniqueid=\"1dJMPhtA59O1olv\" data-parentuniqueid=\"OdMmiodz05w6ZjT\">\n<section id=\"page-zones__main-widgets__responsivecolumns1-zones__column\" class=\"bk-zone column columns-two-left\" data-uniqueid=\"nGnj8cn9IuN8Yy0\" data-parentuniqueid=\"1dJMPhtA59O1olv\">\n<div id=\"page-zones__main-widgets__responsivecolumns1-zones__column-widgets__content\" class=\"widget content\" data-uniqueid=\"yoXxcFraZDeMsdH\" data-parentuniqueid=\"nGnj8cn9IuN8Yy0\">\n<div class=\"bk-content-text js-text-content wysihtml-editor-content\">\n<h3>Kancelaria prowadzi sprawy z zakresu:<\/h3>\n<ul>\n<li>prawa karnego<\/li>\n<li>prawa handlowego<\/li>\n<li>prawa rodzinnego<\/li>\n<li>prawa pracy<\/li>\n<li>prawa cywilnego<\/li>\n<li>prawa karnego skarbowego<\/li>\n<li>prawa wykroczeniowego<\/li>\n<li>prawa administracyjnego<\/li>\n<li>prawa budowlanego<\/li>\n<li>prawa podatkowego<\/li>\n<li>prawa \u0142owieckiego<\/li>\n<li>prawa lokalowego<\/li>\n<li>prawa spadkowego<\/li>\n<\/ul>\n<\/div>\n<\/div>\n<\/section>\n<section id=\"page-zones__main-widgets__responsivecolumns1-zones__column1\" class=\"bk-zone column columns-two-right\" data-uniqueid=\"zVrEg2nLbRQBMmX\" data-parentuniqueid=\"1dJMPhtA59O1olv\">\n<div id=\"page-zones__main-widgets__responsivecolumns1-zones__column1-widgets__content\" class=\"widget content\" data-uniqueid=\"btKvf1mpzHcN1uT\" data-parentuniqueid=\"zVrEg2nLbRQBMmX\">\n<div class=\"bk-content-text js-text-content wysihtml-editor-content\">\n<table>\n<tbody>\n<tr>\n<td>\n<h3>W zakresie us\u0142ug, proponuje nast\u0119puj\u0105ce formy pomocy prawnej:<\/h3>\n<ul>\n<li>udzielanie porad i konsultacji prawnych<\/li>\n<li>bie\u017c\u0105ce doradztwo prawne<\/li>\n<li>sporz\u0105dzanie opinii prawnych<\/li>\n<li>opracowywanie i opiniowanie projekt\u00f3w um\u00f3w, ug\u00f3d, uchwa\u0142 i regulamin\u00f3w, statut\u00f3w, profesjonalnych pism w obrocie cywilnym i handlowym oraz innych czynno\u015bci prawnych<\/li>\n<li>sporz\u0105dzanie pism procesowych<\/li>\n<li>sporz\u0105dzanie wniosk\u00f3w w post\u0119powaniach rejestrowych (KRS)<\/li>\n<li>udzia\u0142 w negocjacjach oraz mediacjach<\/li>\n<li>pozas\u0105dowe rozwi\u0105zywanie spor\u00f3w<\/li>\n<li>wyst\u0119powanie przed s\u0105dami powszechnymi i administracyjnymi oraz organami administracji publicznej we wszelkiego rodzaju sprawach<\/li>\n<li>prowadzenie post\u0119powa\u0144 egzekucyjnych<\/li>\n<li>prowadzenie post\u0119powa\u0144 likwidacyjnych<\/li>\n<li>wyst\u0119powanie jako obro\u0144ca przed organami odpowiedzialno\u015bci zawodowej<\/li>\n<\/ul>\n<\/td>\n<\/tr>\n<\/tbody>\n<\/table>\n<\/div>\n<\/div>\n<\/section>\n<\/div>\n<div id=\"page-zones__main-widgets__responsivecolumns2\" class=\"widget responsivecolumns columns-two-25-75\" data-uniqueid=\"zHuZIhOWAhLZx1z\" data-parentuniqueid=\"OdMmiodz05w6ZjT\">\n<section id=\"page-zones__main-widgets__responsivecolumns2-zones__column\" class=\"bk-zone column columns-two-left\" data-uniqueid=\"fhUXZXAKrctY629\" data-parentuniqueid=\"zHuZIhOWAhLZx1z\">\n<div id=\"page-zones__main-widgets__responsivecolumns2-zones__column-widgets__image\" class=\"widget image\" data-uniqueid=\"4FViP9PSKKzJguN\" data-parentuniqueid=\"fhUXZXAKrctY629\"><a class=\" js-pswp-image-trigger\" title=\"\" href=\"http:\/\/gudzowscy.pl\/none\" target=\"none\"> <span class=\"image-img\"> <img class=\"image js-pswp-image\" title=\"\" src=\"http:\/\/resizer.clickweb.home.pl\/homepl34296\/image\/160_f_49843908_xvobpwzigdjndrazcuri7bc66dc6dsu1.jpg?w=100\" alt=\"\" width=\"100px\" data-filename=\"160_f_49843908_xvobpwzigdjndrazcuri7bc66dc6dsu1.jpg\" data-filesize=\"10545\" data-path=\"\/\/files.clickweb.home.pl\/homepl34296\/image\/160_f_49843908_xvobpwzigdjndrazcuri7bc66dc6dsu1.jpg\" data-imagesize=\"160 x 160\" \/> <\/span> <\/a><\/div>\n<\/section>\n<section id=\"page-zones__main-widgets__responsivecolumns2-zones__column1\" class=\"bk-zone column columns-two-right\" data-uniqueid=\"AgTlei33UT1SaUn\" data-parentuniqueid=\"zHuZIhOWAhLZx1z\">\n<div id=\"page-zones__main-widgets__responsivecolumns2-zones__column1-widgets__content\" class=\"widget content\" data-uniqueid=\"xfP9BjwEIQFfVYs\" data-parentuniqueid=\"AgTlei33UT1SaUn\">\n<div class=\"bk-content-text js-text-content wysihtml-editor-content\">\n<h1>Radca prawny Stefania Gudzowska<\/h1>\n<\/div>\n<\/div>\n<\/section>\n<\/div>\n<div id=\"page-zones__main-widgets__responsivecolumns3\" class=\"widget responsivecolumns columns-two-34-66\" data-uniqueid=\"7Y97xX53ybSEzZP\" data-parentuniqueid=\"OdMmiodz05w6ZjT\">\n<section id=\"page-zones__main-widgets__responsivecolumns3-zones__column\" class=\"bk-zone column columns-two-left\" data-uniqueid=\"rFZhArRpSKLVkoM\" data-parentuniqueid=\"7Y97xX53ybSEzZP\">\n<div id=\"page-zones__main-widgets__responsivecolumns3-zones__column-widgets__content\" class=\"widget content\" data-uniqueid=\"anJh9aA3r5rk7Iy\" data-parentuniqueid=\"rFZhArRpSKLVkoM\">\n<div class=\"bk-content-text js-text-content wysihtml-editor-content\">\n<h3>Kancelaria prowadzi sprawy z zakresu:<\/h3>\n<ul>\n<li>prawa cywilnego<\/li>\n<li>prawa handlowego<\/li>\n<li>prawa rodzinnego<\/li>\n<li>prawa pracy<\/li>\n<li>prawa administracyjnego<\/li>\n<li>prawa ubezpiecze\u0144 spo\u0142ecznych<\/li>\n<li>prawa o\u015bwiatowego<\/li>\n<li>prawa medycznego<\/li>\n<li>prawa lokalowego<\/li>\n<\/ul>\n<\/div>\n<\/div>\n<\/section>\n<section id=\"page-zones__main-widgets__responsivecolumns3-zones__column1\" class=\"bk-zone column columns-two-right\" data-uniqueid=\"sHRkzr4WJ0SJqPR\" data-parentuniqueid=\"7Y97xX53ybSEzZP\">\n<div id=\"page-zones__main-widgets__responsivecolumns3-zones__column1-widgets__content\" class=\"widget content\" data-uniqueid=\"Q2k3lh9rCHVlXuQ\" data-parentuniqueid=\"sHRkzr4WJ0SJqPR\">\n<div class=\"bk-content-text js-text-content wysihtml-editor-content\">\n<h3>W zakresie us\u0142ug, proponuje nast\u0119puj\u0105ce formy pomocy prawnej:<\/h3>\n<ul>\n<li>udzielanie porad i konsultacji prawnych<\/li>\n<li>bie\u017c\u0105ce doradztwo prawne<\/li>\n<li>sporz\u0105dzanie opinii prawnych<\/li>\n<li>opracowywanie i opiniowanie projekt\u00f3w um\u00f3w, ug\u00f3d, uchwa\u0142 i regulamin\u00f3w, statut\u00f3w, profesjonalnych pism w obrocie cywilnym i handlowym oraz innych czynno\u015bci prawnych<\/li>\n<li>sporz\u0105dzanie pism procesowych<\/li>\n<li>sporz\u0105dzanie wniosk\u00f3w w post\u0119powaniach rejestrowych (KRS)<\/li>\n<li>udzia\u0142 w negocjacjach oraz mediacjach<\/li>\n<li>pozas\u0105dowe rozwi\u0105zywanie spor\u00f3w<\/li>\n<li>wyst\u0119powanie przed s\u0105dami powszechnymi i administracyjnymi oraz organami administracji publicznej we wszelkiego rodzaju sprawach<\/li>\n<li>sprawowanie nadzoru w sp\u00f3\u0142kach handlowych w ramach cz\u0142onkostwa w radzie nadzorczej sp\u00f3\u0142ki<\/li>\n<li>prowadzenie post\u0119powa\u0144 egzekucyjnych<\/li>\n<\/ul>\n<\/div>\n<\/div>\n<\/section>\n<\/div>\n<div id=\"page-zones__main-widgets__responsivecolumns4\" class=\"widget responsivecolumns columns-two-25-75\" data-uniqueid=\"DxW0HgmShPWsyVz\" data-parentuniqueid=\"OdMmiodz05w6ZjT\">\n<section id=\"page-zones__main-widgets__responsivecolumns4-zones__column\" class=\"bk-zone column columns-two-left\" data-uniqueid=\"hqZsBwAMj7AWZP6\" data-parentuniqueid=\"DxW0HgmShPWsyVz\">\n<div id=\"page-zones__main-widgets__responsivecolumns4-zones__column-widgets__image\" class=\"widget image\" data-uniqueid=\"hYQ0xt4NF20fmqr\" data-parentuniqueid=\"hqZsBwAMj7AWZP6\"><a class=\" js-pswp-image-trigger\" title=\"\" href=\"http:\/\/gudzowscy.pl\/none\" target=\"none\"> <span class=\"image-img\"> <img class=\"image js-pswp-image\" title=\"\" src=\"http:\/\/resizer.clickweb.home.pl\/homepl34296\/image\/160_f_49843908_xvobpwzigdjndrazcuri7bc66dc6dsu1.jpg?w=100\" alt=\"\" width=\"100px\" data-filename=\"160_f_49843908_xvobpwzigdjndrazcuri7bc66dc6dsu1.jpg\" data-filesize=\"10545\" data-path=\"\/\/files.clickweb.home.pl\/homepl34296\/image\/160_f_49843908_xvobpwzigdjndrazcuri7bc66dc6dsu1.jpg\" data-imagesize=\"160 x 160\" \/> <\/span> <\/a><\/div>\n<\/section>\n<section id=\"page-zones__main-widgets__responsivecolumns4-zones__column1\" class=\"bk-zone column columns-two-right\" data-uniqueid=\"WtBd1oXB2m74q43\" data-parentuniqueid=\"DxW0HgmShPWsyVz\">\n<div id=\"page-zones__main-widgets__responsivecolumns4-zones__column1-widgets__content\" class=\"widget content\" data-uniqueid=\"MShKyLjKHvoZu5O\" data-parentuniqueid=\"WtBd1oXB2m74q43\">\n<div class=\"bk-content-text js-text-content wysihtml-editor-content\">\n<h1>Radca Prawny Magdalena Gudzowska &#8211; Kolczy\u0144ska<\/h1>\n<\/div>\n<\/div>\n<\/section>\n<\/div>\n<div id=\"page-zones__main-widgets__responsivecolumns5\" class=\"widget responsivecolumns columns-two-34-66\" data-uniqueid=\"mgl6twJ9gCPmHDu\" data-parentuniqueid=\"OdMmiodz05w6ZjT\">\n<section id=\"page-zones__main-widgets__responsivecolumns5-zones__column\" class=\"bk-zone column columns-two-left\" data-uniqueid=\"uXoFPSwEws56H7q\" data-parentuniqueid=\"mgl6twJ9gCPmHDu\">\n<div id=\"page-zones__main-widgets__responsivecolumns5-zones__column-widgets__content\" class=\"widget content\" data-uniqueid=\"08TZKWC8LMO4kEF\" data-parentuniqueid=\"uXoFPSwEws56H7q\">\n<div class=\"bk-content-text js-text-content wysihtml-editor-content\">\n<h3>Kancelaria prowadzi sprawy z zakresu:<\/h3>\n<ul>\n<li>prawa cywilnego<\/li>\n<li>prawa handlowego<\/li>\n<li>prawa rodzinnego<\/li>\n<li>prawa pracy<\/li>\n<li>prawa administracyjnego<\/li>\n<li>prawa zam\u00f3wie\u0144 publicznych<\/li>\n<li>prawa pomocy spo\u0142ecznej<\/li>\n<li>prawa podatkowego<\/li>\n<li>prawa wykroczeniowego<\/li>\n<li>prawa karnego skarbowego<\/li>\n<li>prawa finans\u00f3w publicznych<\/li>\n<\/ul>\n<\/div>\n<\/div>\n<\/section>\n<section id=\"page-zones__main-widgets__responsivecolumns5-zones__column1\" class=\"bk-zone column columns-two-right\" data-uniqueid=\"CHaVs9s9kGtpLYF\" data-parentuniqueid=\"mgl6twJ9gCPmHDu\">\n<div id=\"page-zones__main-widgets__responsivecolumns5-zones__column1-widgets__content\" class=\"widget content\" data-uniqueid=\"8O6VY3eC5t1X1Oy\" data-parentuniqueid=\"CHaVs9s9kGtpLYF\">\n<div class=\"bk-content-text js-text-content wysihtml-editor-content\">\n<table>\n<tbody>\n<tr>\n<td>\n<h3>W zakresie us\u0142ug, proponuje nast\u0119puj\u0105ce formy pomocy prawnej:<\/h3>\n<ul>\n<li>udzielanie porad i konsultacji prawnych<\/li>\n<li>bie\u017c\u0105ce doradztwo prawne<\/li>\n<li>sporz\u0105dzanie opinii prawnych<\/li>\n<li>opracowywanie i opiniowanie projekt\u00f3w um\u00f3w, ug\u00f3d, uchwa\u0142 i regulamin\u00f3w, statut\u00f3w, profesjonalnych pism w obrocie cywilnym i handlowym oraz innych czynno\u015bci prawnych<\/li>\n<li>sporz\u0105dzanie pism procesowych<\/li>\n<li>sporz\u0105dzanie wniosk\u00f3w w post\u0119powaniach rejestrowych (KRS)<\/li>\n<li>udzia\u0142 w negocjacjach oraz mediacjach<\/li>\n<li>pozas\u0105dowe rozwi\u0105zywanie spor\u00f3w<\/li>\n<li>wyst\u0119powanie przed s\u0105dami powszechnymi i administracyjnymi oraz organami administracji publicznej we wszelkiego rodzaju sprawach<\/li>\n<li>prowadzenie post\u0119powa\u0144 egzekucyjnych<\/li>\n<li>doradztwo prawne przy realizacji projekt\u00f3w finansowanych ze \u015brodk\u00f3w unii europejskich<\/li>\n<\/ul>\n<\/td>\n<\/tr>\n<\/tbody>\n<\/table>\n<\/div>\n<\/div>\n<\/section>\n<\/div>\n","protected":false},"excerpt":{"rendered":"<p>Oferty indywidualnych kancelarii adwokat\u00f3w i radcy prawnego dostosowane s\u0105 do potrzeb klient\u00f3w indywidualnych, przedsi\u0119biorc\u00f3w, sp\u00f3\u0142ek handlowych, fundacji, stowarzysze\u0144, jednostek bud\u017cetowych oraz podmiot\u00f3w z zakresu administracji publicznej. Adwokat Czes\u0142aw Gudzowski Kancelaria prowadzi sprawy z zakresu: prawa karnego prawa handlowego prawa rodzinnego prawa pracy prawa cywilnego prawa karnego skarbowego prawa wykroczeniowego prawa administracyjnego prawa budowlanego prawa podatkowego [&hellip;]<\/p>\n","protected":false},"author":1,"featured_media":0,"parent":0,"menu_order":0,"comment_status":"closed","ping_status":"open","template":"","meta":[],"_links":{"self":[{"href":"https:\/\/testowa.dfirma.pl\/index.php\/wp-json\/wp\/v2\/pages\/2"}],"collection":[{"href":"https:\/\/testowa.dfirma.pl\/index.php\/wp-json\/wp\/v2\/pages"}],"about":[{"href":"https:\/\/testowa.dfirma.pl\/index.php\/wp-json\/wp\/v2\/types\/page"}],"author":[{"embeddable":true,"href":"https:\/\/testowa.dfirma.pl\/index.php\/wp-json\/wp\/v2\/users\/1"}],"replies":[{"embeddable":true,"href":"https:\/\/testowa.dfirma.pl\/index.php\/wp-json\/wp\/v2\/comments?post=2"}],"version-history":[{"count":2,"href":"https:\/\/testowa.dfirma.pl\/index.php\/wp-json\/wp\/v2\/pages\/2\/revisions"}],"predecessor-version":[{"id":72,"href":"https:\/\/testowa.dfirma.pl\/index.php\/wp-json\/wp\/v2\/pages\/2\/revisions\/72"}],"wp:attachment":[{"href":"https:\/\/testowa.dfirma.pl\/index.php\/wp-json\/wp\/v2\/media?parent=2"}],"curies":[{"name":"wp","href":"https:\/\/api.w.org\/{rel}","templated":true}]}}